{"id":869,"date":"2020-02-01T14:31:12","date_gmt":"2020-02-01T13:31:12","guid":{"rendered":"https:\/\/massageblind.ch\/etica\/"},"modified":"2024-05-06T10:02:14","modified_gmt":"2024-05-06T08:02:14","slug":"etica","status":"publish","type":"page","link":"https:\/\/massageblind.ch\/it\/etica\/","title":{"rendered":"Etica"},"content":{"rendered":"\n\n\t<p>&nbsp;<\/p>\n<p>Questo codice di condotta professionale \u00e8 parte integrante dello statuto di MassageBlind.<\/p>\n<p>L&#8217;Associazione svizzera dei massaggiatori medici non vedenti e ipovedenti riassume i valori e gli standard etici pi\u00f9 importanti che si applicano ai terapisti con certificazione federale.<\/p>\n<h3>1. Rispetto per il cliente come individuo<\/h3>\n<ul>\n<li>Gli obiettivi primari del lavoro terapeutico sono la salute e il benessere dei clienti.<\/li>\n<li>Come terapista, rispetto e prendo in considerazione il background sociale, etnico e religioso dei miei clienti senza pregiudizi.<\/li>\n<li>Rispetto i diritti e la dignit\u00e0 dei miei clienti, in particolare il loro diritto all&#8217;autodeterminazione.<\/li>\n<li>Come terapeuta, ho uno speciale dovere di cura nei confronti dei bambini, dei giovani e delle altre persone immature.<\/li>\n<\/ul>\n<h3>2. Professionalit\u00e0 nel rapporto con il paziente<\/h3>\n<ul>\n<li>Come terapista informo i miei clienti sulle possibilit\u00e0 e sui limiti dei miei metodi di trattamento, nonch\u00e9 sui possibili rischi ed effetti collaterali. Insieme al cliente determino l&#8217;obiettivo del trattamento e un piano di trattamento.<\/li>\n<li>Rispondo alle domande dei miei clienti e non li spingo a sottoporsi al trattamento.<\/li>\n<li>Prima dell&#8217;inizio del trattamento informo i clienti sui costi del trattamento e parlo con loro delle prestazioni assicurative, dei giustificativi e delle modalit\u00e0 di pagamento.<\/li>\n<li>Come terapeuta, sono consapevole della dipendenza dei miei clienti e del rischio di abuso della mia posizione professionale. Mi astengo da ogni forma di rapporto che possa scaturire dalla speciale relazione di dipendenza terapeutica. Se c&#8217;\u00e8 troppa vicinanza personale che potrebbe influenzare il giudizio e l&#8217;obiettivit\u00e0, affider\u00f2 il trattamento a un collega.<\/li>\n<li>Generalmente tratto secondo i criteri di &#8220;efficacia, praticit\u00e0 ed economicit\u00e0&#8221;. Terminer\u00f2 il trattamento una volta raggiunti gli obiettivi del trattamento o esaurite le opzioni per il mio trattamento, anche se \u00e8 ancora disponibile un buono spesa per ulteriori trattamenti.<\/li>\n<li>Come terapista, non prometto di guarire.<\/li>\n<li>Intenzioni, avances o aggressioni sessuali non sono tollerate.<\/li>\n<\/ul>\n<h3>3. Collaborazione interdisciplinare<\/h3>\n<ul>\n<li>Rispetto la medicina convenzionale e gli altri metodi medici empirici e sono disposto a lavorare con altri specialisti o indirizzare loro i clienti, se necessario.<\/li>\n<li>Prendo in considerazione le diagnosi mediche e le includo nel trattamento.<\/li>\n<\/ul>\n<h3>4. Riflessione critica sulla competenza professionale<\/h3>\n<ul>\n<li>Come terapeuta non utilizzo metodi di trattamento per i quali non sono formato o di cui non ho dimostrato di padroneggiare.<\/li>\n<li>Conosco i limiti delle mie qualifiche e competenze professionali. Se i sintomi non migliorano o se si sospetta una malattia grave, consiglio ai miei clienti di rivolgersi alla medicina convenzionale.<\/li>\n<li>Come terapeuta, svolgo il lavoro terapeutico al meglio delle mie conoscenze e convinzioni. Mantengo e promuovo le mie conoscenze e competenze attraverso corsi regolari di formazione e perfezionamento.<\/li>\n<li>Non suggerisco in alcun modo ai clienti di avere un livello di formazione o riconoscimento superiore a quello che ho effettivamente raggiunto.<\/li>\n<\/ul>\n<h3>5. Riservatezza, protezione dei dati, obbligo di fornire informazioni e documentazione al cliente<\/h3>\n<ul>\n<li>Come terapista, mantengo la riservatezza su tutte le questioni relative ai miei clienti.<\/li>\n<li>Mi assicuro che tutti i dati dei miei clienti siano protetti da accessi non autorizzati.<\/li>\n<li>Conservo la documentazione completa del cliente adeguata al trattamento e consento ai clienti di visualizzare questi documenti su richiesta. Questo diritto di ispezione esiste anche dopo che il trattamento \u00e8 stato completato.<\/li>\n<li>Concedo a terzi l&#8217;accesso alla documentazione del cliente solo con il consenso esplicito del cliente. Se mi viene richiesto dalla legge di fornire informazioni, informer\u00f2 il cliente in anticipo.<\/li>\n<li>Se a causa di circostanze particolari non \u00e8 possibile ottenere il consenso preventivo del cliente e non vi \u00e8 alcun desiderio apparente di riservatezza, posso presumere che il consenso venga dato ai parenti pi\u00f9 prossimi.<\/li>\n<\/ul>\n<h3>6. Fatturazione<\/h3>\n<ul>\n<li>Fornisco fattura dettagliata e trasparente dei trattamenti effettuati. Sulla fattura \u00e8 riportata oltre alla data e alla durata anche la tipologia del trattamento (denominazione esatta della modalit\u00e0\/trattamento).<\/li>\n<li>Di norma fatturo solo le terapie che servono a curare disturbi o malattie. Identifico le attivit\u00e0 nell&#8217;ambito della prevenzione e del benessere in quanto tali ed emetto per esse una fattura separata. Dichiaro inoltre chiaramente se si tratta di malattia o infortunio.<\/li>\n<li>Di norma fatturo solo i trattamenti che eseguo personalmente.<\/li>\n<li>Se curo parenti stretti come genitori, figli o fratelli, faccio presente loro espressamente che prima del trattamento devono ottenere l&#8217;approvazione delle spese da parte dell&#8217;assicuratore.<\/li>\n<\/ul>\n<h3>7. Conformit\u00e0 legale<\/h3>\n<ul>\n<li>Ho sempre tutti i permessi e le approvazioni necessarie per il mio lavoro terapeutico.<\/li>\n<li>Rispetto la legge applicabile al mio lavoro. Chiarir\u00f2 immediatamente eventuali incertezze con le autorit\u00e0 competenti o con l&#8217;associazione.<\/li>\n<\/ul>\n<h3>8. Entrata in vigore<\/h3>\n<ul>\n<li>Il presente codice professionale entra in vigore il 01\/01\/2016.<\/li>\n<\/ul>\n\n<div class=\"gsp_post_data\" \r\n\t            data-post_type=\"page\" \r\n\t            data-cat=\"\" \r\n\t            data-modified=\"120\"\r\n\t            data-created=\"1580567472\"\r\n\t            data-title=\"Etica\" \r\n\t            data-home=\"https:\/\/massageblind.ch\/it\/\"><\/div>","protected":false},"excerpt":{"rendered":"<div class=\"entry-summary\">\n<div class=\"entry-summary\">\n&nbsp; Questo codice di condotta professionale \u00e8 parte integrante dello statuto di MassageBlind. L&#8217;Associazione svizzera dei massaggiatori medici non vedenti e ipovedenti riassume i valori e gli standard etici pi\u00f9 importanti che si applicano ai terapisti con certificazione federale. 1.&hellip;\n<\/div>\n<div class=\"link-more\"><a href=\"https:\/\/massageblind.ch\/it\/etica\/\" class=\"more-link\">Continue reading<span class=\"screen-reader-text\"> &ldquo;Etica&rdquo;<\/span>&hellip;<\/a><\/div>\n<\/div>\n<div class=\"link-more\"><a href=\"https:\/\/massageblind.ch\/it\/etica\/\" class=\"more-link\">Continue reading<span class=\"screen-reader-text\"> &ldquo;Etica&rdquo;<\/span>&hellip;<\/a><\/div>\n","protected":false},"author":1,"featured_media":0,"parent":0,"menu_order":9,"comment_status":"closed","ping_status":"closed","template":"","meta":{"_monsterinsights_skip_tracking":false,"_monsterinsights_sitenote_active":false,"_monsterinsights_sitenote_note":"","_monsterinsights_sitenote_category":0,"footnotes":""},"class_list":["post-869","page","type-page","status-publish","hentry","entry"],"yoast_head":"<!-- This site is optimized with the Yoast SEO plugin v27.5 - https:\/\/yoast.com\/product\/yoast-seo-wordpress\/ -->\n<title>Etica - MassageBlind<\/title>\n<meta name=\"description\" content=\"L&#039;etica di MassageBlind riassume i valori e gli standard etici pi\u00f9 importanti che si applicano ai terapisti con certificazione federale. Le FA sono importanti.\" \/>\n<meta name=\"robots\" content=\"index, follow, max-snippet:-1, max-image-preview:large, max-video-preview:-1\" \/>\n<link rel=\"canonical\" href=\"https:\/\/massageblind.ch\/it\/etica\/\" \/>\n<meta property=\"og:locale\" content=\"it_IT\" \/>\n<meta property=\"og:type\" content=\"article\" \/>\n<meta property=\"og:title\" content=\"Etica - MassageBlind\" \/>\n<meta property=\"og:description\" content=\"L&#039;etica di MassageBlind riassume i valori e gli standard etici pi\u00f9 importanti che si applicano ai terapisti con certificazione federale. Le FA sono importanti.\" \/>\n<meta property=\"og:url\" content=\"https:\/\/massageblind.ch\/it\/etica\/\" \/>\n<meta property=\"og:site_name\" content=\"MassageBlind\" \/>\n<meta property=\"article:modified_time\" content=\"2024-05-06T08:02:14+00:00\" \/>\n<meta name=\"twitter:card\" content=\"summary_large_image\" \/>\n<meta name=\"twitter:label1\" content=\"Tempo di lettura stimato\" \/>\n\t<meta name=\"twitter:data1\" content=\"5 minuti\" \/>\n<script type=\"application\/ld+json\" class=\"yoast-schema-graph\">{\"@context\":\"https:\\\/\\\/schema.org\",\"@graph\":[{\"@type\":\"WebPage\",\"@id\":\"https:\\\/\\\/massageblind.ch\\\/it\\\/etica\\\/\",\"url\":\"https:\\\/\\\/massageblind.ch\\\/it\\\/etica\\\/\",\"name\":\"Etica - MassageBlind\",\"isPartOf\":{\"@id\":\"https:\\\/\\\/massageblind.ch\\\/#website\"},\"datePublished\":\"2020-02-01T13:31:12+00:00\",\"dateModified\":\"2024-05-06T08:02:14+00:00\",\"description\":\"L'etica di MassageBlind riassume i valori e gli standard etici pi\u00f9 importanti che si applicano ai terapisti con certificazione federale. Le FA sono importanti.\",\"breadcrumb\":{\"@id\":\"https:\\\/\\\/massageblind.ch\\\/it\\\/etica\\\/#breadcrumb\"},\"inLanguage\":\"it-IT\",\"potentialAction\":[{\"@type\":\"ReadAction\",\"target\":[\"https:\\\/\\\/massageblind.ch\\\/it\\\/etica\\\/\"]}]},{\"@type\":\"BreadcrumbList\",\"@id\":\"https:\\\/\\\/massageblind.ch\\\/it\\\/etica\\\/#breadcrumb\",\"itemListElement\":[{\"@type\":\"ListItem\",\"position\":1,\"name\":\"Startseite\",\"item\":\"https:\\\/\\\/massageblind.ch\\\/it\\\/\"},{\"@type\":\"ListItem\",\"position\":2,\"name\":\"Etica\"}]},{\"@type\":\"WebSite\",\"@id\":\"https:\\\/\\\/massageblind.ch\\\/#website\",\"url\":\"https:\\\/\\\/massageblind.ch\\\/\",\"name\":\"MassageBlind\",\"description\":\"Schweizerischer Verband der sehbehinderten und blinden Med. Masseure\",\"publisher\":{\"@id\":\"https:\\\/\\\/massageblind.ch\\\/#organization\"},\"potentialAction\":[{\"@type\":\"SearchAction\",\"target\":{\"@type\":\"EntryPoint\",\"urlTemplate\":\"https:\\\/\\\/massageblind.ch\\\/?s={search_term_string}\"},\"query-input\":{\"@type\":\"PropertyValueSpecification\",\"valueRequired\":true,\"valueName\":\"search_term_string\"}}],\"inLanguage\":\"it-IT\"},{\"@type\":\"Organization\",\"@id\":\"https:\\\/\\\/massageblind.ch\\\/#organization\",\"name\":\"MassageBlind\",\"url\":\"https:\\\/\\\/massageblind.ch\\\/\",\"logo\":{\"@type\":\"ImageObject\",\"inLanguage\":\"it-IT\",\"@id\":\"https:\\\/\\\/massageblind.ch\\\/#\\\/schema\\\/logo\\\/image\\\/\",\"url\":\"https:\\\/\\\/massageblind.ch\\\/wp-content\\\/uploads\\\/2019\\\/09\\\/Logo-MassageBlind-Farben.jpg\",\"contentUrl\":\"https:\\\/\\\/massageblind.ch\\\/wp-content\\\/uploads\\\/2019\\\/09\\\/Logo-MassageBlind-Farben.jpg\",\"width\":1000,\"height\":750,\"caption\":\"MassageBlind\"},\"image\":{\"@id\":\"https:\\\/\\\/massageblind.ch\\\/#\\\/schema\\\/logo\\\/image\\\/\"}}]}<\/script>\n<!-- \/ Yoast SEO plugin. -->","yoast_head_json":{"title":"Etica - MassageBlind","description":"L'etica di MassageBlind riassume i valori e gli standard etici pi\u00f9 importanti che si applicano ai terapisti con certificazione federale. Le FA sono importanti.","robots":{"index":"index","follow":"follow","max-snippet":"max-snippet:-1","max-image-preview":"max-image-preview:large","max-video-preview":"max-video-preview:-1"},"canonical":"https:\/\/massageblind.ch\/it\/etica\/","og_locale":"it_IT","og_type":"article","og_title":"Etica - MassageBlind","og_description":"L'etica di MassageBlind riassume i valori e gli standard etici pi\u00f9 importanti che si applicano ai terapisti con certificazione federale. Le FA sono importanti.","og_url":"https:\/\/massageblind.ch\/it\/etica\/","og_site_name":"MassageBlind","article_modified_time":"2024-05-06T08:02:14+00:00","twitter_card":"summary_large_image","twitter_misc":{"Tempo di lettura stimato":"5 minuti"},"schema":{"@context":"https:\/\/schema.org","@graph":[{"@type":"WebPage","@id":"https:\/\/massageblind.ch\/it\/etica\/","url":"https:\/\/massageblind.ch\/it\/etica\/","name":"Etica - MassageBlind","isPartOf":{"@id":"https:\/\/massageblind.ch\/#website"},"datePublished":"2020-02-01T13:31:12+00:00","dateModified":"2024-05-06T08:02:14+00:00","description":"L'etica di MassageBlind riassume i valori e gli standard etici pi\u00f9 importanti che si applicano ai terapisti con certificazione federale. Le FA sono importanti.","breadcrumb":{"@id":"https:\/\/massageblind.ch\/it\/etica\/#breadcrumb"},"inLanguage":"it-IT","potentialAction":[{"@type":"ReadAction","target":["https:\/\/massageblind.ch\/it\/etica\/"]}]},{"@type":"BreadcrumbList","@id":"https:\/\/massageblind.ch\/it\/etica\/#breadcrumb","itemListElement":[{"@type":"ListItem","position":1,"name":"Startseite","item":"https:\/\/massageblind.ch\/it\/"},{"@type":"ListItem","position":2,"name":"Etica"}]},{"@type":"WebSite","@id":"https:\/\/massageblind.ch\/#website","url":"https:\/\/massageblind.ch\/","name":"MassageBlind","description":"Schweizerischer Verband der sehbehinderten und blinden Med. Masseure","publisher":{"@id":"https:\/\/massageblind.ch\/#organization"},"potentialAction":[{"@type":"SearchAction","target":{"@type":"EntryPoint","urlTemplate":"https:\/\/massageblind.ch\/?s={search_term_string}"},"query-input":{"@type":"PropertyValueSpecification","valueRequired":true,"valueName":"search_term_string"}}],"inLanguage":"it-IT"},{"@type":"Organization","@id":"https:\/\/massageblind.ch\/#organization","name":"MassageBlind","url":"https:\/\/massageblind.ch\/","logo":{"@type":"ImageObject","inLanguage":"it-IT","@id":"https:\/\/massageblind.ch\/#\/schema\/logo\/image\/","url":"https:\/\/massageblind.ch\/wp-content\/uploads\/2019\/09\/Logo-MassageBlind-Farben.jpg","contentUrl":"https:\/\/massageblind.ch\/wp-content\/uploads\/2019\/09\/Logo-MassageBlind-Farben.jpg","width":1000,"height":750,"caption":"MassageBlind"},"image":{"@id":"https:\/\/massageblind.ch\/#\/schema\/logo\/image\/"}}]}},"_links":{"self":[{"href":"https:\/\/massageblind.ch\/it\/wp-json\/wp\/v2\/pages\/869","targetHints":{"allow":["GET"]}}],"collection":[{"href":"https:\/\/massageblind.ch\/it\/wp-json\/wp\/v2\/pages"}],"about":[{"href":"https:\/\/massageblind.ch\/it\/wp-json\/wp\/v2\/types\/page"}],"author":[{"embeddable":true,"href":"https:\/\/massageblind.ch\/it\/wp-json\/wp\/v2\/users\/1"}],"replies":[{"embeddable":true,"href":"https:\/\/massageblind.ch\/it\/wp-json\/wp\/v2\/comments?post=869"}],"version-history":[{"count":4,"href":"https:\/\/massageblind.ch\/it\/wp-json\/wp\/v2\/pages\/869\/revisions"}],"predecessor-version":[{"id":1035,"href":"https:\/\/massageblind.ch\/it\/wp-json\/wp\/v2\/pages\/869\/revisions\/1035"}],"wp:attachment":[{"href":"https:\/\/massageblind.ch\/it\/wp-json\/wp\/v2\/media?parent=869"}],"curies":[{"name":"wp","href":"https:\/\/api.w.org\/{rel}","templated":true}]}}