{"id":1112,"date":"2020-02-07T09:24:24","date_gmt":"2020-02-07T08:24:24","guid":{"rendered":"https:\/\/massageblind.ch\/impronta\/"},"modified":"2026-04-30T11:31:37","modified_gmt":"2026-04-30T09:31:37","slug":"impronta","status":"publish","type":"page","link":"https:\/\/massageblind.ch\/it\/impronta\/","title":{"rendered":"Impronta"},"content":{"rendered":"\n\n\t<strong>MassageBlind<\/strong><br \/>\n<strong>Associazione Svizzera dei Massoterapisti Medici Non Vedenti e Ciechi<\/strong><br \/>\nBadrain 7<br \/>\nCH-6210 Sursee\n<p><strong>Copyright:<\/strong><\/p>\n<p>Tutto il contenuto mostrato (testo e immagini) \u00e8 di propriet\u00e0 di MassageBlind o dei rispettivi fotografi. Non \u00e8 consentita la pubblicazione senza consenso.<\/p>\n<p><strong>Disclaimer:<\/strong><\/p>\n<p>Nonostante un attento controllo dei contenuti, non ci assumiamo alcuna responsabilit\u00e0 per il contenuto dei link esterni. Gli operatori sono gli unici responsabili per il contenuto delle pagine collegate.<\/p>\n<p>Le informazioni fornite sul nostro sito web sono state controllate e vengono aggiornate regolarmente. Tuttavia non \u00e8 possibile garantire che tutte le informazioni siano sempre complete, corrette e aggiornate. Tutte le informazioni possono essere aggiunte, rimosse o modificate senza preavviso.<\/p>\n\n<div class=\"gsp_post_data\" \r\n\t            data-post_type=\"page\" \r\n\t            data-cat=\"\" \r\n\t            data-modified=\"120\"\r\n\t            data-created=\"1581067464\"\r\n\t            data-title=\"Impronta\" \r\n\t            data-home=\"https:\/\/massageblind.ch\/it\/\"><\/div>","protected":false},"excerpt":{"rendered":"<div class=\"entry-summary\">\n<div class=\"entry-summary\">\nMassageBlind Associazione Svizzera dei Massoterapisti Medici Non Vedenti e Ciechi Badrain 7 CH-6210 Sursee Copyright: Tutto il contenuto mostrato (testo e immagini) \u00e8 di propriet\u00e0 di MassageBlind o dei rispettivi fotografi. Non \u00e8 consentita la pubblicazione senza consenso. Disclaimer: Nonostante&hellip;\n<\/div>\n<div class=\"link-more\"><a href=\"https:\/\/massageblind.ch\/it\/impronta\/\" class=\"more-link\">Continue reading<span class=\"screen-reader-text\"> &ldquo;Impronta&rdquo;<\/span>&hellip;<\/a><\/div>\n<\/div>\n<div class=\"link-more\"><a href=\"https:\/\/massageblind.ch\/it\/impronta\/\" class=\"more-link\">Continue reading<span class=\"screen-reader-text\"> &ldquo;Impronta&rdquo;<\/span>&hellip;<\/a><\/div>\n","protected":false},"author":1,"featured_media":0,"parent":0,"menu_order":15,"comment_status":"closed","ping_status":"closed","template":"","meta":{"_monsterinsights_skip_tracking":false,"_monsterinsights_sitenote_active":false,"_monsterinsights_sitenote_note":"","_monsterinsights_sitenote_category":0,"footnotes":""},"class_list":["post-1112","page","type-page","status-publish","hentry","entry"],"yoast_head":"<!-- This site is optimized with the Yoast SEO plugin v27.5 - https:\/\/yoast.com\/product\/yoast-seo-wordpress\/ -->\n<title>Impronta - MassageBlind<\/title>\n<meta name=\"description\" content=\"Nell&#039;impronta di MassageBlind troverete tutte le informazioni rilevanti sul gestore di questo sito web Massageblind.ch.\" \/>\n<meta name=\"robots\" content=\"index, follow, max-snippet:-1, max-image-preview:large, max-video-preview:-1\" \/>\n<link rel=\"canonical\" href=\"https:\/\/massageblind.ch\/it\/impronta\/\" \/>\n<meta property=\"og:locale\" content=\"it_IT\" \/>\n<meta property=\"og:type\" content=\"article\" \/>\n<meta property=\"og:title\" content=\"Impronta - MassageBlind\" \/>\n<meta property=\"og:description\" content=\"Nell&#039;impronta di MassageBlind troverete tutte le informazioni rilevanti sul gestore di questo sito web Massageblind.ch.\" \/>\n<meta property=\"og:url\" content=\"https:\/\/massageblind.ch\/it\/impronta\/\" \/>\n<meta property=\"og:site_name\" content=\"MassageBlind\" \/>\n<meta property=\"article:modified_time\" content=\"2026-04-30T09:31:37+00:00\" \/>\n<meta name=\"twitter:card\" content=\"summary_large_image\" \/>\n<meta name=\"twitter:label1\" content=\"Tempo di lettura stimato\" \/>\n\t<meta name=\"twitter:data1\" content=\"1 minuto\" \/>\n<script type=\"application\/ld+json\" class=\"yoast-schema-graph\">{\"@context\":\"https:\\\/\\\/schema.org\",\"@graph\":[{\"@type\":\"WebPage\",\"@id\":\"https:\\\/\\\/massageblind.ch\\\/it\\\/impronta\\\/\",\"url\":\"https:\\\/\\\/massageblind.ch\\\/it\\\/impronta\\\/\",\"name\":\"Impronta - MassageBlind\",\"isPartOf\":{\"@id\":\"https:\\\/\\\/massageblind.ch\\\/#website\"},\"datePublished\":\"2020-02-07T08:24:24+00:00\",\"dateModified\":\"2026-04-30T09:31:37+00:00\",\"description\":\"Nell'impronta di MassageBlind troverete tutte le informazioni rilevanti sul gestore di questo sito web Massageblind.ch.\",\"breadcrumb\":{\"@id\":\"https:\\\/\\\/massageblind.ch\\\/it\\\/impronta\\\/#breadcrumb\"},\"inLanguage\":\"it-IT\",\"potentialAction\":[{\"@type\":\"ReadAction\",\"target\":[\"https:\\\/\\\/massageblind.ch\\\/it\\\/impronta\\\/\"]}]},{\"@type\":\"BreadcrumbList\",\"@id\":\"https:\\\/\\\/massageblind.ch\\\/it\\\/impronta\\\/#breadcrumb\",\"itemListElement\":[{\"@type\":\"ListItem\",\"position\":1,\"name\":\"Startseite\",\"item\":\"https:\\\/\\\/massageblind.ch\\\/it\\\/\"},{\"@type\":\"ListItem\",\"position\":2,\"name\":\"Impronta\"}]},{\"@type\":\"WebSite\",\"@id\":\"https:\\\/\\\/massageblind.ch\\\/#website\",\"url\":\"https:\\\/\\\/massageblind.ch\\\/\",\"name\":\"MassageBlind\",\"description\":\"Schweizerischer Verband der sehbehinderten und blinden Med. Masseure\",\"publisher\":{\"@id\":\"https:\\\/\\\/massageblind.ch\\\/#organization\"},\"potentialAction\":[{\"@type\":\"SearchAction\",\"target\":{\"@type\":\"EntryPoint\",\"urlTemplate\":\"https:\\\/\\\/massageblind.ch\\\/?s={search_term_string}\"},\"query-input\":{\"@type\":\"PropertyValueSpecification\",\"valueRequired\":true,\"valueName\":\"search_term_string\"}}],\"inLanguage\":\"it-IT\"},{\"@type\":\"Organization\",\"@id\":\"https:\\\/\\\/massageblind.ch\\\/#organization\",\"name\":\"MassageBlind\",\"url\":\"https:\\\/\\\/massageblind.ch\\\/\",\"logo\":{\"@type\":\"ImageObject\",\"inLanguage\":\"it-IT\",\"@id\":\"https:\\\/\\\/massageblind.ch\\\/#\\\/schema\\\/logo\\\/image\\\/\",\"url\":\"https:\\\/\\\/massageblind.ch\\\/wp-content\\\/uploads\\\/2019\\\/09\\\/Logo-MassageBlind-Farben.jpg\",\"contentUrl\":\"https:\\\/\\\/massageblind.ch\\\/wp-content\\\/uploads\\\/2019\\\/09\\\/Logo-MassageBlind-Farben.jpg\",\"width\":1000,\"height\":750,\"caption\":\"MassageBlind\"},\"image\":{\"@id\":\"https:\\\/\\\/massageblind.ch\\\/#\\\/schema\\\/logo\\\/image\\\/\"}}]}<\/script>\n<!-- \/ Yoast SEO plugin. -->","yoast_head_json":{"title":"Impronta - MassageBlind","description":"Nell'impronta di MassageBlind troverete tutte le informazioni rilevanti sul gestore di questo sito web Massageblind.ch.","robots":{"index":"index","follow":"follow","max-snippet":"max-snippet:-1","max-image-preview":"max-image-preview:large","max-video-preview":"max-video-preview:-1"},"canonical":"https:\/\/massageblind.ch\/it\/impronta\/","og_locale":"it_IT","og_type":"article","og_title":"Impronta - MassageBlind","og_description":"Nell'impronta di MassageBlind troverete tutte le informazioni rilevanti sul gestore di questo sito web Massageblind.ch.","og_url":"https:\/\/massageblind.ch\/it\/impronta\/","og_site_name":"MassageBlind","article_modified_time":"2026-04-30T09:31:37+00:00","twitter_card":"summary_large_image","twitter_misc":{"Tempo di lettura stimato":"1 minuto"},"schema":{"@context":"https:\/\/schema.org","@graph":[{"@type":"WebPage","@id":"https:\/\/massageblind.ch\/it\/impronta\/","url":"https:\/\/massageblind.ch\/it\/impronta\/","name":"Impronta - MassageBlind","isPartOf":{"@id":"https:\/\/massageblind.ch\/#website"},"datePublished":"2020-02-07T08:24:24+00:00","dateModified":"2026-04-30T09:31:37+00:00","description":"Nell'impronta di MassageBlind troverete tutte le informazioni rilevanti sul gestore di questo sito web Massageblind.ch.","breadcrumb":{"@id":"https:\/\/massageblind.ch\/it\/impronta\/#breadcrumb"},"inLanguage":"it-IT","potentialAction":[{"@type":"ReadAction","target":["https:\/\/massageblind.ch\/it\/impronta\/"]}]},{"@type":"BreadcrumbList","@id":"https:\/\/massageblind.ch\/it\/impronta\/#breadcrumb","itemListElement":[{"@type":"ListItem","position":1,"name":"Startseite","item":"https:\/\/massageblind.ch\/it\/"},{"@type":"ListItem","position":2,"name":"Impronta"}]},{"@type":"WebSite","@id":"https:\/\/massageblind.ch\/#website","url":"https:\/\/massageblind.ch\/","name":"MassageBlind","description":"Schweizerischer Verband der sehbehinderten und blinden Med. Masseure","publisher":{"@id":"https:\/\/massageblind.ch\/#organization"},"potentialAction":[{"@type":"SearchAction","target":{"@type":"EntryPoint","urlTemplate":"https:\/\/massageblind.ch\/?s={search_term_string}"},"query-input":{"@type":"PropertyValueSpecification","valueRequired":true,"valueName":"search_term_string"}}],"inLanguage":"it-IT"},{"@type":"Organization","@id":"https:\/\/massageblind.ch\/#organization","name":"MassageBlind","url":"https:\/\/massageblind.ch\/","logo":{"@type":"ImageObject","inLanguage":"it-IT","@id":"https:\/\/massageblind.ch\/#\/schema\/logo\/image\/","url":"https:\/\/massageblind.ch\/wp-content\/uploads\/2019\/09\/Logo-MassageBlind-Farben.jpg","contentUrl":"https:\/\/massageblind.ch\/wp-content\/uploads\/2019\/09\/Logo-MassageBlind-Farben.jpg","width":1000,"height":750,"caption":"MassageBlind"},"image":{"@id":"https:\/\/massageblind.ch\/#\/schema\/logo\/image\/"}}]}},"_links":{"self":[{"href":"https:\/\/massageblind.ch\/it\/wp-json\/wp\/v2\/pages\/1112","targetHints":{"allow":["GET"]}}],"collection":[{"href":"https:\/\/massageblind.ch\/it\/wp-json\/wp\/v2\/pages"}],"about":[{"href":"https:\/\/massageblind.ch\/it\/wp-json\/wp\/v2\/types\/page"}],"author":[{"embeddable":true,"href":"https:\/\/massageblind.ch\/it\/wp-json\/wp\/v2\/users\/1"}],"replies":[{"embeddable":true,"href":"https:\/\/massageblind.ch\/it\/wp-json\/wp\/v2\/comments?post=1112"}],"version-history":[{"count":3,"href":"https:\/\/massageblind.ch\/it\/wp-json\/wp\/v2\/pages\/1112\/revisions"}],"predecessor-version":[{"id":1718,"href":"https:\/\/massageblind.ch\/it\/wp-json\/wp\/v2\/pages\/1112\/revisions\/1718"}],"wp:attachment":[{"href":"https:\/\/massageblind.ch\/it\/wp-json\/wp\/v2\/media?parent=1112"}],"curies":[{"name":"wp","href":"https:\/\/api.w.org\/{rel}","templated":true}]}}