{"id":872,"date":"2020-02-01T14:31:23","date_gmt":"2020-02-01T13:31:23","guid":{"rendered":"https:\/\/massageblind.ch\/prescription-therapeutique\/"},"modified":"2024-05-06T09:44:36","modified_gmt":"2024-05-06T07:44:36","slug":"prescription-therapeutique","status":"publish","type":"page","link":"https:\/\/massageblind.ch\/fr\/prescription-therapeutique\/","title":{"rendered":"Prescription th\u00e9rapeutique"},"content":{"rendered":"\n\n\t<p>&nbsp;<\/p>\n<p>&nbsp;<\/p>\n<p><a href=\"https:\/\/massageblind.ch\/wp-content\/uploads\/2019\/10\/Therapieverordnung.pdf\" target=\"_blank\" rel=\"noopener noreferrer\">La prescription th\u00e9rapeutique pour download<\/a><\/p>\n<p><img loading=\"lazy\" decoding=\"async\" title=\"Prescription th\u00e9rapeutique\" src=\"https:\/\/massageblind.ch\/wp-content\/uploads\/2019\/10\/Therapieverordnung-712x1024.png\" alt=\"Prescription th\u00e9rapeutique\" width=\"712\" height=\"1024\" \/><\/p>\n\n<div class=\"gsp_post_data\" \r\n\t            data-post_type=\"page\" \r\n\t            data-cat=\"\" \r\n\t            data-modified=\"120\"\r\n\t            data-created=\"1580567483\"\r\n\t            data-title=\"Prescription th\u00e9rapeutique\" \r\n\t            data-home=\"https:\/\/massageblind.ch\/fr\/\"><\/div>","protected":false},"excerpt":{"rendered":"<div class=\"entry-summary\">\n<div class=\"entry-summary\">\n&nbsp; &nbsp; La prescription th\u00e9rapeutique pour download\n<\/div>\n<div class=\"link-more\"><a href=\"https:\/\/massageblind.ch\/fr\/prescription-therapeutique\/\" class=\"more-link\">Continue reading<span class=\"screen-reader-text\"> &ldquo;Prescription th\u00e9rapeutique&rdquo;<\/span>&hellip;<\/a><\/div>\n<\/div>\n<div class=\"link-more\"><a href=\"https:\/\/massageblind.ch\/fr\/prescription-therapeutique\/\" class=\"more-link\">Continue reading<span class=\"screen-reader-text\"> &ldquo;Prescription th\u00e9rapeutique&rdquo;<\/span>&hellip;<\/a><\/div>\n","protected":false},"author":1,"featured_media":0,"parent":0,"menu_order":10,"comment_status":"closed","ping_status":"closed","template":"","meta":{"_monsterinsights_skip_tracking":false,"_monsterinsights_sitenote_active":false,"_monsterinsights_sitenote_note":"","_monsterinsights_sitenote_category":0,"footnotes":""},"class_list":["post-872","page","type-page","status-publish","hentry","entry"],"yoast_head":"<!-- This site is optimized with the Yoast SEO plugin v27.5 - https:\/\/yoast.com\/product\/yoast-seo-wordpress\/ -->\n<title>Prescription th\u00e9rapeutique - MassageBlind<\/title>\n<meta name=\"description\" content=\"Vous pouvez trouver la prescription th\u00e9rapeutique de MassageBlind en t\u00e9l\u00e9chargement sur cette page. Vous \u00eates invit\u00e9s \u00e0 utiliser ce mod\u00e8le en tant que membre.\" \/>\n<meta name=\"robots\" content=\"index, follow, max-snippet:-1, max-image-preview:large, max-video-preview:-1\" \/>\n<link rel=\"canonical\" href=\"https:\/\/massageblind.ch\/fr\/prescription-therapeutique\/\" \/>\n<meta property=\"og:locale\" content=\"fr_FR\" \/>\n<meta property=\"og:type\" content=\"article\" \/>\n<meta property=\"og:title\" content=\"Prescription th\u00e9rapeutique - MassageBlind\" \/>\n<meta property=\"og:description\" content=\"Vous pouvez trouver la prescription th\u00e9rapeutique de MassageBlind en t\u00e9l\u00e9chargement sur cette page. Vous \u00eates invit\u00e9s \u00e0 utiliser ce mod\u00e8le en tant que membre.\" \/>\n<meta property=\"og:url\" content=\"https:\/\/massageblind.ch\/fr\/prescription-therapeutique\/\" \/>\n<meta property=\"og:site_name\" content=\"MassageBlind\" \/>\n<meta property=\"article:modified_time\" content=\"2024-05-06T07:44:36+00:00\" \/>\n<meta property=\"og:image\" content=\"https:\/\/massageblind.ch\/wp-content\/uploads\/2019\/10\/Therapieverordnung-712x1024.png\" \/>\n<meta name=\"twitter:card\" content=\"summary_large_image\" \/>\n<meta name=\"twitter:label1\" content=\"Dur\u00e9e de lecture estim\u00e9e\" \/>\n\t<meta name=\"twitter:data1\" content=\"1 minute\" \/>\n<script type=\"application\/ld+json\" class=\"yoast-schema-graph\">{\"@context\":\"https:\\\/\\\/schema.org\",\"@graph\":[{\"@type\":\"WebPage\",\"@id\":\"https:\\\/\\\/massageblind.ch\\\/fr\\\/prescription-therapeutique\\\/\",\"url\":\"https:\\\/\\\/massageblind.ch\\\/fr\\\/prescription-therapeutique\\\/\",\"name\":\"Prescription th\u00e9rapeutique - MassageBlind\",\"isPartOf\":{\"@id\":\"https:\\\/\\\/massageblind.ch\\\/#website\"},\"primaryImageOfPage\":{\"@id\":\"https:\\\/\\\/massageblind.ch\\\/fr\\\/prescription-therapeutique\\\/#primaryimage\"},\"image\":{\"@id\":\"https:\\\/\\\/massageblind.ch\\\/fr\\\/prescription-therapeutique\\\/#primaryimage\"},\"thumbnailUrl\":\"https:\\\/\\\/massageblind.ch\\\/wp-content\\\/uploads\\\/2019\\\/10\\\/Therapieverordnung-712x1024.png\",\"datePublished\":\"2020-02-01T13:31:23+00:00\",\"dateModified\":\"2024-05-06T07:44:36+00:00\",\"description\":\"Vous pouvez trouver la prescription th\u00e9rapeutique de MassageBlind en t\u00e9l\u00e9chargement sur cette page. Vous \u00eates invit\u00e9s \u00e0 utiliser ce mod\u00e8le en tant que membre.\",\"breadcrumb\":{\"@id\":\"https:\\\/\\\/massageblind.ch\\\/fr\\\/prescription-therapeutique\\\/#breadcrumb\"},\"inLanguage\":\"fr-FR\",\"potentialAction\":[{\"@type\":\"ReadAction\",\"target\":[\"https:\\\/\\\/massageblind.ch\\\/fr\\\/prescription-therapeutique\\\/\"]}]},{\"@type\":\"ImageObject\",\"inLanguage\":\"fr-FR\",\"@id\":\"https:\\\/\\\/massageblind.ch\\\/fr\\\/prescription-therapeutique\\\/#primaryimage\",\"url\":\"https:\\\/\\\/massageblind.ch\\\/wp-content\\\/uploads\\\/2019\\\/10\\\/Therapieverordnung-712x1024.png\",\"contentUrl\":\"https:\\\/\\\/massageblind.ch\\\/wp-content\\\/uploads\\\/2019\\\/10\\\/Therapieverordnung-712x1024.png\"},{\"@type\":\"BreadcrumbList\",\"@id\":\"https:\\\/\\\/massageblind.ch\\\/fr\\\/prescription-therapeutique\\\/#breadcrumb\",\"itemListElement\":[{\"@type\":\"ListItem\",\"position\":1,\"name\":\"Startseite\",\"item\":\"https:\\\/\\\/massageblind.ch\\\/fr\\\/\"},{\"@type\":\"ListItem\",\"position\":2,\"name\":\"Prescription th\u00e9rapeutique\"}]},{\"@type\":\"WebSite\",\"@id\":\"https:\\\/\\\/massageblind.ch\\\/#website\",\"url\":\"https:\\\/\\\/massageblind.ch\\\/\",\"name\":\"MassageBlind\",\"description\":\"Schweizerischer Verband der sehbehinderten und blinden Med. Masseure\",\"publisher\":{\"@id\":\"https:\\\/\\\/massageblind.ch\\\/#organization\"},\"potentialAction\":[{\"@type\":\"SearchAction\",\"target\":{\"@type\":\"EntryPoint\",\"urlTemplate\":\"https:\\\/\\\/massageblind.ch\\\/?s={search_term_string}\"},\"query-input\":{\"@type\":\"PropertyValueSpecification\",\"valueRequired\":true,\"valueName\":\"search_term_string\"}}],\"inLanguage\":\"fr-FR\"},{\"@type\":\"Organization\",\"@id\":\"https:\\\/\\\/massageblind.ch\\\/#organization\",\"name\":\"MassageBlind\",\"url\":\"https:\\\/\\\/massageblind.ch\\\/\",\"logo\":{\"@type\":\"ImageObject\",\"inLanguage\":\"fr-FR\",\"@id\":\"https:\\\/\\\/massageblind.ch\\\/#\\\/schema\\\/logo\\\/image\\\/\",\"url\":\"https:\\\/\\\/massageblind.ch\\\/wp-content\\\/uploads\\\/2019\\\/09\\\/Logo-MassageBlind-Farben.jpg\",\"contentUrl\":\"https:\\\/\\\/massageblind.ch\\\/wp-content\\\/uploads\\\/2019\\\/09\\\/Logo-MassageBlind-Farben.jpg\",\"width\":1000,\"height\":750,\"caption\":\"MassageBlind\"},\"image\":{\"@id\":\"https:\\\/\\\/massageblind.ch\\\/#\\\/schema\\\/logo\\\/image\\\/\"}}]}<\/script>\n<!-- \/ Yoast SEO plugin. -->","yoast_head_json":{"title":"Prescription th\u00e9rapeutique - MassageBlind","description":"Vous pouvez trouver la prescription th\u00e9rapeutique de MassageBlind en t\u00e9l\u00e9chargement sur cette page. Vous \u00eates invit\u00e9s \u00e0 utiliser ce mod\u00e8le en tant que membre.","robots":{"index":"index","follow":"follow","max-snippet":"max-snippet:-1","max-image-preview":"max-image-preview:large","max-video-preview":"max-video-preview:-1"},"canonical":"https:\/\/massageblind.ch\/fr\/prescription-therapeutique\/","og_locale":"fr_FR","og_type":"article","og_title":"Prescription th\u00e9rapeutique - MassageBlind","og_description":"Vous pouvez trouver la prescription th\u00e9rapeutique de MassageBlind en t\u00e9l\u00e9chargement sur cette page. Vous \u00eates invit\u00e9s \u00e0 utiliser ce mod\u00e8le en tant que membre.","og_url":"https:\/\/massageblind.ch\/fr\/prescription-therapeutique\/","og_site_name":"MassageBlind","article_modified_time":"2024-05-06T07:44:36+00:00","og_image":[{"url":"https:\/\/massageblind.ch\/wp-content\/uploads\/2019\/10\/Therapieverordnung-712x1024.png","type":"","width":"","height":""}],"twitter_card":"summary_large_image","twitter_misc":{"Dur\u00e9e de lecture estim\u00e9e":"1 minute"},"schema":{"@context":"https:\/\/schema.org","@graph":[{"@type":"WebPage","@id":"https:\/\/massageblind.ch\/fr\/prescription-therapeutique\/","url":"https:\/\/massageblind.ch\/fr\/prescription-therapeutique\/","name":"Prescription th\u00e9rapeutique - MassageBlind","isPartOf":{"@id":"https:\/\/massageblind.ch\/#website"},"primaryImageOfPage":{"@id":"https:\/\/massageblind.ch\/fr\/prescription-therapeutique\/#primaryimage"},"image":{"@id":"https:\/\/massageblind.ch\/fr\/prescription-therapeutique\/#primaryimage"},"thumbnailUrl":"https:\/\/massageblind.ch\/wp-content\/uploads\/2019\/10\/Therapieverordnung-712x1024.png","datePublished":"2020-02-01T13:31:23+00:00","dateModified":"2024-05-06T07:44:36+00:00","description":"Vous pouvez trouver la prescription th\u00e9rapeutique de MassageBlind en t\u00e9l\u00e9chargement sur cette page. Vous \u00eates invit\u00e9s \u00e0 utiliser ce mod\u00e8le en tant que membre.","breadcrumb":{"@id":"https:\/\/massageblind.ch\/fr\/prescription-therapeutique\/#breadcrumb"},"inLanguage":"fr-FR","potentialAction":[{"@type":"ReadAction","target":["https:\/\/massageblind.ch\/fr\/prescription-therapeutique\/"]}]},{"@type":"ImageObject","inLanguage":"fr-FR","@id":"https:\/\/massageblind.ch\/fr\/prescription-therapeutique\/#primaryimage","url":"https:\/\/massageblind.ch\/wp-content\/uploads\/2019\/10\/Therapieverordnung-712x1024.png","contentUrl":"https:\/\/massageblind.ch\/wp-content\/uploads\/2019\/10\/Therapieverordnung-712x1024.png"},{"@type":"BreadcrumbList","@id":"https:\/\/massageblind.ch\/fr\/prescription-therapeutique\/#breadcrumb","itemListElement":[{"@type":"ListItem","position":1,"name":"Startseite","item":"https:\/\/massageblind.ch\/fr\/"},{"@type":"ListItem","position":2,"name":"Prescription th\u00e9rapeutique"}]},{"@type":"WebSite","@id":"https:\/\/massageblind.ch\/#website","url":"https:\/\/massageblind.ch\/","name":"MassageBlind","description":"Schweizerischer Verband der sehbehinderten und blinden Med. Masseure","publisher":{"@id":"https:\/\/massageblind.ch\/#organization"},"potentialAction":[{"@type":"SearchAction","target":{"@type":"EntryPoint","urlTemplate":"https:\/\/massageblind.ch\/?s={search_term_string}"},"query-input":{"@type":"PropertyValueSpecification","valueRequired":true,"valueName":"search_term_string"}}],"inLanguage":"fr-FR"},{"@type":"Organization","@id":"https:\/\/massageblind.ch\/#organization","name":"MassageBlind","url":"https:\/\/massageblind.ch\/","logo":{"@type":"ImageObject","inLanguage":"fr-FR","@id":"https:\/\/massageblind.ch\/#\/schema\/logo\/image\/","url":"https:\/\/massageblind.ch\/wp-content\/uploads\/2019\/09\/Logo-MassageBlind-Farben.jpg","contentUrl":"https:\/\/massageblind.ch\/wp-content\/uploads\/2019\/09\/Logo-MassageBlind-Farben.jpg","width":1000,"height":750,"caption":"MassageBlind"},"image":{"@id":"https:\/\/massageblind.ch\/#\/schema\/logo\/image\/"}}]}},"_links":{"self":[{"href":"https:\/\/massageblind.ch\/fr\/wp-json\/wp\/v2\/pages\/872","targetHints":{"allow":["GET"]}}],"collection":[{"href":"https:\/\/massageblind.ch\/fr\/wp-json\/wp\/v2\/pages"}],"about":[{"href":"https:\/\/massageblind.ch\/fr\/wp-json\/wp\/v2\/types\/page"}],"author":[{"embeddable":true,"href":"https:\/\/massageblind.ch\/fr\/wp-json\/wp\/v2\/users\/1"}],"replies":[{"embeddable":true,"href":"https:\/\/massageblind.ch\/fr\/wp-json\/wp\/v2\/comments?post=872"}],"version-history":[{"count":4,"href":"https:\/\/massageblind.ch\/fr\/wp-json\/wp\/v2\/pages\/872\/revisions"}],"predecessor-version":[{"id":1020,"href":"https:\/\/massageblind.ch\/fr\/wp-json\/wp\/v2\/pages\/872\/revisions\/1020"}],"wp:attachment":[{"href":"https:\/\/massageblind.ch\/fr\/wp-json\/wp\/v2\/media?parent=872"}],"curies":[{"name":"wp","href":"https:\/\/api.w.org\/{rel}","templated":true}]}}