{"id":853,"date":"2020-02-01T14:30:31","date_gmt":"2020-02-01T13:30:31","guid":{"rendered":"https:\/\/massageblind.ch\/strategie-et-principes-directeurs\/"},"modified":"2024-05-06T09:33:14","modified_gmt":"2024-05-06T07:33:14","slug":"strategie-et-principes-directeurs","status":"publish","type":"page","link":"https:\/\/massageblind.ch\/fr\/strategie-et-principes-directeurs\/","title":{"rendered":"Strat\u00e9gie et principes directeurs"},"content":{"rendered":"\n\n\t<p>&nbsp;<\/p>\n<p>Nous nous engageons en faveur des int\u00e9r\u00eats et de la promotion des masseurs m\u00e9dicaux aveugles et malvoyants FA en Suisse.<\/p>\n<p>MassageBlind est synonyme de transparence, de pleine conscience et de qualit\u00e9.<\/p>\n<p>&nbsp;<\/p>\n<p><strong>Des principes directeurs<\/strong><\/p>\n<p>Echange professionnel et personnel entre les membres<\/p>\n<p>Formation continue ad\u00e9quate pour les masseurs m\u00e9dicaux aveugles et malvoyants FA<\/p>\n<p>Participation \u00e0 la politique professionnelle du masseur m\u00e9dical FA<\/p>\n<p>Dialogue avec l&rsquo;organisation fa\u00eeti\u00e8re, les associations professionnelles, les centres de formation et les caisses d&rsquo;assurance maladie ainsi qu&rsquo;avec d&rsquo;autres institutions<\/p>\n<p>S&rsquo;engage \u00e0 compenser les d\u00e9savantages de nos membres lors de la formation, de la formation continue et de l&rsquo;exercice professionnel<\/p>\n<p>Gestion des plateformes m\u00e9dias.<\/p>\n\n<div class=\"gsp_post_data\" \r\n\t            data-post_type=\"page\" \r\n\t            data-cat=\"\" \r\n\t            data-modified=\"120\"\r\n\t            data-created=\"1580567431\"\r\n\t            data-title=\"Strat\u00e9gie et principes directeurs\" \r\n\t            data-home=\"https:\/\/massageblind.ch\/fr\/\"><\/div>","protected":false},"excerpt":{"rendered":"<div class=\"entry-summary\">\n<div class=\"entry-summary\">\n&nbsp; Nous nous engageons en faveur des int\u00e9r\u00eats et de la promotion des masseurs m\u00e9dicaux aveugles et malvoyants FA en Suisse. MassageBlind est synonyme de transparence, de pleine conscience et de qualit\u00e9. &nbsp; Des principes directeurs Echange professionnel et personnel&hellip;\n<\/div>\n<div class=\"link-more\"><a href=\"https:\/\/massageblind.ch\/fr\/strategie-et-principes-directeurs\/\" class=\"more-link\">Continue reading<span class=\"screen-reader-text\"> &ldquo;Strat\u00e9gie et principes directeurs&rdquo;<\/span>&hellip;<\/a><\/div>\n<\/div>\n<div class=\"link-more\"><a href=\"https:\/\/massageblind.ch\/fr\/strategie-et-principes-directeurs\/\" class=\"more-link\">Continue reading<span class=\"screen-reader-text\"> &ldquo;Strat\u00e9gie et principes directeurs&rdquo;<\/span>&hellip;<\/a><\/div>\n","protected":false},"author":1,"featured_media":0,"parent":0,"menu_order":6,"comment_status":"closed","ping_status":"closed","template":"","meta":{"_monsterinsights_skip_tracking":false,"_monsterinsights_sitenote_active":false,"_monsterinsights_sitenote_note":"","_monsterinsights_sitenote_category":0,"footnotes":""},"class_list":["post-853","page","type-page","status-publish","hentry","entry"],"yoast_head":"<!-- This site is optimized with the Yoast SEO plugin v27.5 - https:\/\/yoast.com\/product\/yoast-seo-wordpress\/ -->\n<title>Strat\u00e9gie et principes directeurs - MassageBlind<\/title>\n<meta name=\"description\" content=\"Strat\u00e9gie de MassageBlind - Nous nous engageons en faveur des int\u00e9r\u00eats et de la promotion des masseurs m\u00e9dicaux aveugles et malvoyants FA en Suisse.\" \/>\n<meta name=\"robots\" content=\"index, follow, max-snippet:-1, max-image-preview:large, max-video-preview:-1\" \/>\n<link rel=\"canonical\" href=\"https:\/\/massageblind.ch\/fr\/strategie-et-principes-directeurs\/\" \/>\n<meta property=\"og:locale\" content=\"fr_FR\" \/>\n<meta property=\"og:type\" content=\"article\" \/>\n<meta property=\"og:title\" content=\"Strat\u00e9gie et principes directeurs - MassageBlind\" \/>\n<meta property=\"og:description\" content=\"Strat\u00e9gie de MassageBlind - Nous nous engageons en faveur des int\u00e9r\u00eats et de la promotion des masseurs m\u00e9dicaux aveugles et malvoyants FA en Suisse.\" \/>\n<meta property=\"og:url\" content=\"https:\/\/massageblind.ch\/fr\/strategie-et-principes-directeurs\/\" \/>\n<meta property=\"og:site_name\" content=\"MassageBlind\" \/>\n<meta property=\"article:modified_time\" content=\"2024-05-06T07:33:14+00:00\" \/>\n<meta name=\"twitter:card\" content=\"summary_large_image\" \/>\n<meta name=\"twitter:label1\" content=\"Dur\u00e9e de lecture estim\u00e9e\" \/>\n\t<meta name=\"twitter:data1\" content=\"1 minute\" \/>\n<script type=\"application\/ld+json\" class=\"yoast-schema-graph\">{\"@context\":\"https:\\\/\\\/schema.org\",\"@graph\":[{\"@type\":\"WebPage\",\"@id\":\"https:\\\/\\\/massageblind.ch\\\/fr\\\/strategie-et-principes-directeurs\\\/\",\"url\":\"https:\\\/\\\/massageblind.ch\\\/fr\\\/strategie-et-principes-directeurs\\\/\",\"name\":\"Strat\u00e9gie et principes directeurs - MassageBlind\",\"isPartOf\":{\"@id\":\"https:\\\/\\\/massageblind.ch\\\/#website\"},\"datePublished\":\"2020-02-01T13:30:31+00:00\",\"dateModified\":\"2024-05-06T07:33:14+00:00\",\"description\":\"Strat\u00e9gie de MassageBlind - Nous nous engageons en faveur des int\u00e9r\u00eats et de la promotion des masseurs m\u00e9dicaux aveugles et malvoyants FA en Suisse.\",\"breadcrumb\":{\"@id\":\"https:\\\/\\\/massageblind.ch\\\/fr\\\/strategie-et-principes-directeurs\\\/#breadcrumb\"},\"inLanguage\":\"fr-FR\",\"potentialAction\":[{\"@type\":\"ReadAction\",\"target\":[\"https:\\\/\\\/massageblind.ch\\\/fr\\\/strategie-et-principes-directeurs\\\/\"]}]},{\"@type\":\"BreadcrumbList\",\"@id\":\"https:\\\/\\\/massageblind.ch\\\/fr\\\/strategie-et-principes-directeurs\\\/#breadcrumb\",\"itemListElement\":[{\"@type\":\"ListItem\",\"position\":1,\"name\":\"Startseite\",\"item\":\"https:\\\/\\\/massageblind.ch\\\/fr\\\/\"},{\"@type\":\"ListItem\",\"position\":2,\"name\":\"Strat\u00e9gie et principes directeurs\"}]},{\"@type\":\"WebSite\",\"@id\":\"https:\\\/\\\/massageblind.ch\\\/#website\",\"url\":\"https:\\\/\\\/massageblind.ch\\\/\",\"name\":\"MassageBlind\",\"description\":\"Schweizerischer Verband der sehbehinderten und blinden Med. Masseure\",\"publisher\":{\"@id\":\"https:\\\/\\\/massageblind.ch\\\/#organization\"},\"potentialAction\":[{\"@type\":\"SearchAction\",\"target\":{\"@type\":\"EntryPoint\",\"urlTemplate\":\"https:\\\/\\\/massageblind.ch\\\/?s={search_term_string}\"},\"query-input\":{\"@type\":\"PropertyValueSpecification\",\"valueRequired\":true,\"valueName\":\"search_term_string\"}}],\"inLanguage\":\"fr-FR\"},{\"@type\":\"Organization\",\"@id\":\"https:\\\/\\\/massageblind.ch\\\/#organization\",\"name\":\"MassageBlind\",\"url\":\"https:\\\/\\\/massageblind.ch\\\/\",\"logo\":{\"@type\":\"ImageObject\",\"inLanguage\":\"fr-FR\",\"@id\":\"https:\\\/\\\/massageblind.ch\\\/#\\\/schema\\\/logo\\\/image\\\/\",\"url\":\"https:\\\/\\\/massageblind.ch\\\/wp-content\\\/uploads\\\/2019\\\/09\\\/Logo-MassageBlind-Farben.jpg\",\"contentUrl\":\"https:\\\/\\\/massageblind.ch\\\/wp-content\\\/uploads\\\/2019\\\/09\\\/Logo-MassageBlind-Farben.jpg\",\"width\":1000,\"height\":750,\"caption\":\"MassageBlind\"},\"image\":{\"@id\":\"https:\\\/\\\/massageblind.ch\\\/#\\\/schema\\\/logo\\\/image\\\/\"}}]}<\/script>\n<!-- \/ Yoast SEO plugin. -->","yoast_head_json":{"title":"Strat\u00e9gie et principes directeurs - MassageBlind","description":"Strat\u00e9gie de MassageBlind - Nous nous engageons en faveur des int\u00e9r\u00eats et de la promotion des masseurs m\u00e9dicaux aveugles et malvoyants FA en Suisse.","robots":{"index":"index","follow":"follow","max-snippet":"max-snippet:-1","max-image-preview":"max-image-preview:large","max-video-preview":"max-video-preview:-1"},"canonical":"https:\/\/massageblind.ch\/fr\/strategie-et-principes-directeurs\/","og_locale":"fr_FR","og_type":"article","og_title":"Strat\u00e9gie et principes directeurs - MassageBlind","og_description":"Strat\u00e9gie de MassageBlind - Nous nous engageons en faveur des int\u00e9r\u00eats et de la promotion des masseurs m\u00e9dicaux aveugles et malvoyants FA en Suisse.","og_url":"https:\/\/massageblind.ch\/fr\/strategie-et-principes-directeurs\/","og_site_name":"MassageBlind","article_modified_time":"2024-05-06T07:33:14+00:00","twitter_card":"summary_large_image","twitter_misc":{"Dur\u00e9e de lecture estim\u00e9e":"1 minute"},"schema":{"@context":"https:\/\/schema.org","@graph":[{"@type":"WebPage","@id":"https:\/\/massageblind.ch\/fr\/strategie-et-principes-directeurs\/","url":"https:\/\/massageblind.ch\/fr\/strategie-et-principes-directeurs\/","name":"Strat\u00e9gie et principes directeurs - MassageBlind","isPartOf":{"@id":"https:\/\/massageblind.ch\/#website"},"datePublished":"2020-02-01T13:30:31+00:00","dateModified":"2024-05-06T07:33:14+00:00","description":"Strat\u00e9gie de MassageBlind - Nous nous engageons en faveur des int\u00e9r\u00eats et de la promotion des masseurs m\u00e9dicaux aveugles et malvoyants FA en Suisse.","breadcrumb":{"@id":"https:\/\/massageblind.ch\/fr\/strategie-et-principes-directeurs\/#breadcrumb"},"inLanguage":"fr-FR","potentialAction":[{"@type":"ReadAction","target":["https:\/\/massageblind.ch\/fr\/strategie-et-principes-directeurs\/"]}]},{"@type":"BreadcrumbList","@id":"https:\/\/massageblind.ch\/fr\/strategie-et-principes-directeurs\/#breadcrumb","itemListElement":[{"@type":"ListItem","position":1,"name":"Startseite","item":"https:\/\/massageblind.ch\/fr\/"},{"@type":"ListItem","position":2,"name":"Strat\u00e9gie et principes directeurs"}]},{"@type":"WebSite","@id":"https:\/\/massageblind.ch\/#website","url":"https:\/\/massageblind.ch\/","name":"MassageBlind","description":"Schweizerischer Verband der sehbehinderten und blinden Med. Masseure","publisher":{"@id":"https:\/\/massageblind.ch\/#organization"},"potentialAction":[{"@type":"SearchAction","target":{"@type":"EntryPoint","urlTemplate":"https:\/\/massageblind.ch\/?s={search_term_string}"},"query-input":{"@type":"PropertyValueSpecification","valueRequired":true,"valueName":"search_term_string"}}],"inLanguage":"fr-FR"},{"@type":"Organization","@id":"https:\/\/massageblind.ch\/#organization","name":"MassageBlind","url":"https:\/\/massageblind.ch\/","logo":{"@type":"ImageObject","inLanguage":"fr-FR","@id":"https:\/\/massageblind.ch\/#\/schema\/logo\/image\/","url":"https:\/\/massageblind.ch\/wp-content\/uploads\/2019\/09\/Logo-MassageBlind-Farben.jpg","contentUrl":"https:\/\/massageblind.ch\/wp-content\/uploads\/2019\/09\/Logo-MassageBlind-Farben.jpg","width":1000,"height":750,"caption":"MassageBlind"},"image":{"@id":"https:\/\/massageblind.ch\/#\/schema\/logo\/image\/"}}]}},"_links":{"self":[{"href":"https:\/\/massageblind.ch\/fr\/wp-json\/wp\/v2\/pages\/853","targetHints":{"allow":["GET"]}}],"collection":[{"href":"https:\/\/massageblind.ch\/fr\/wp-json\/wp\/v2\/pages"}],"about":[{"href":"https:\/\/massageblind.ch\/fr\/wp-json\/wp\/v2\/types\/page"}],"author":[{"embeddable":true,"href":"https:\/\/massageblind.ch\/fr\/wp-json\/wp\/v2\/users\/1"}],"replies":[{"embeddable":true,"href":"https:\/\/massageblind.ch\/fr\/wp-json\/wp\/v2\/comments?post=853"}],"version-history":[{"count":4,"href":"https:\/\/massageblind.ch\/fr\/wp-json\/wp\/v2\/pages\/853\/revisions"}],"predecessor-version":[{"id":1015,"href":"https:\/\/massageblind.ch\/fr\/wp-json\/wp\/v2\/pages\/853\/revisions\/1015"}],"wp:attachment":[{"href":"https:\/\/massageblind.ch\/fr\/wp-json\/wp\/v2\/media?parent=853"}],"curies":[{"name":"wp","href":"https:\/\/api.w.org\/{rel}","templated":true}]}}