{"id":1111,"date":"2020-02-07T09:24:24","date_gmt":"2020-02-07T08:24:24","guid":{"rendered":"https:\/\/massageblind.ch\/imprimer\/"},"modified":"2026-04-30T11:28:49","modified_gmt":"2026-04-30T09:28:49","slug":"imprimer","status":"publish","type":"page","link":"https:\/\/massageblind.ch\/fr\/imprimer\/","title":{"rendered":"Imprimer"},"content":{"rendered":"\n\n\t<strong>MassageBlind<\/strong><br \/>\n<strong>Association Suisse des Massoth\u00e9rapeutes M\u00e9dicaux Malvoyants et Aveugles<\/strong><br \/>\nBadrain 7<br \/>\nCH-6210 Sursee\n<p><strong>Copyright:<\/strong><\/p>\n<p>Tout le contenu affich\u00e9 (texte et images) est la propri\u00e9t\u00e9 de MassageBlind ou des photographes respectifs. La publication sans consentement n&rsquo;est pas autoris\u00e9e.<\/p>\n<p><strong>Clause de non-responsabilit\u00e9:<\/strong><\/p>\n<p>Malgr\u00e9 un contr\u00f4le minutieux du contenu, nous d\u00e9clinons toute responsabilit\u00e9 quant au contenu des liens externes. Les op\u00e9rateurs sont seuls responsables du contenu des pages li\u00e9es.<\/p>\n<p>Les informations fournies sur notre site Internet ont \u00e9t\u00e9 v\u00e9rifi\u00e9es et sont mises \u00e0 jour r\u00e9guli\u00e8rement. Toutefois, aucune garantie ne peut \u00eatre donn\u00e9e que toutes les informations sont compl\u00e8tes, exactes et \u00e0 jour \u00e0 tout moment. Toutes les informations peuvent \u00eatre ajout\u00e9es, supprim\u00e9es ou modifi\u00e9es sans pr\u00e9avis.<\/p>\n\n<div class=\"gsp_post_data\" \r\n\t            data-post_type=\"page\" \r\n\t            data-cat=\"\" \r\n\t            data-modified=\"120\"\r\n\t            data-created=\"1581067464\"\r\n\t            data-title=\"Imprimer\" \r\n\t            data-home=\"https:\/\/massageblind.ch\/fr\/\"><\/div>","protected":false},"excerpt":{"rendered":"<div class=\"entry-summary\">\n<div class=\"entry-summary\">\nMassageBlind Association Suisse des Massoth\u00e9rapeutes M\u00e9dicaux Malvoyants et Aveugles Badrain 7 CH-6210 Sursee Copyright: Tout le contenu affich\u00e9 (texte et images) est la propri\u00e9t\u00e9 de MassageBlind ou des photographes respectifs. La publication sans consentement n&rsquo;est pas autoris\u00e9e. Clause de non-responsabilit\u00e9:&hellip;\n<\/div>\n<div class=\"link-more\"><a href=\"https:\/\/massageblind.ch\/fr\/imprimer\/\" class=\"more-link\">Continue reading<span class=\"screen-reader-text\"> &ldquo;Imprimer&rdquo;<\/span>&hellip;<\/a><\/div>\n<\/div>\n<div class=\"link-more\"><a href=\"https:\/\/massageblind.ch\/fr\/imprimer\/\" class=\"more-link\">Continue reading<span class=\"screen-reader-text\"> &ldquo;Imprimer&rdquo;<\/span>&hellip;<\/a><\/div>\n","protected":false},"author":1,"featured_media":0,"parent":0,"menu_order":15,"comment_status":"closed","ping_status":"closed","template":"","meta":{"_monsterinsights_skip_tracking":false,"_monsterinsights_sitenote_active":false,"_monsterinsights_sitenote_note":"","_monsterinsights_sitenote_category":0,"footnotes":""},"class_list":["post-1111","page","type-page","status-publish","hentry","entry"],"yoast_head":"<!-- This site is optimized with the Yoast SEO plugin v27.5 - https:\/\/yoast.com\/product\/yoast-seo-wordpress\/ -->\n<title>Imprimer - MassageBlind<\/title>\n<meta name=\"description\" content=\"Dans les mentions l\u00e9gales MassageBlind, vous trouverez toutes les informations pertinentes sur l\u2019exploitant de ce site Internet massageblind.ch.\" \/>\n<meta name=\"robots\" content=\"index, follow, max-snippet:-1, max-image-preview:large, max-video-preview:-1\" \/>\n<link rel=\"canonical\" href=\"https:\/\/massageblind.ch\/fr\/imprimer\/\" \/>\n<meta property=\"og:locale\" content=\"fr_FR\" \/>\n<meta property=\"og:type\" content=\"article\" \/>\n<meta property=\"og:title\" content=\"Imprimer - MassageBlind\" \/>\n<meta property=\"og:description\" content=\"Dans les mentions l\u00e9gales MassageBlind, vous trouverez toutes les informations pertinentes sur l\u2019exploitant de ce site Internet massageblind.ch.\" \/>\n<meta property=\"og:url\" content=\"https:\/\/massageblind.ch\/fr\/imprimer\/\" \/>\n<meta property=\"og:site_name\" content=\"MassageBlind\" \/>\n<meta property=\"article:modified_time\" content=\"2026-04-30T09:28:49+00:00\" \/>\n<meta name=\"twitter:card\" content=\"summary_large_image\" \/>\n<meta name=\"twitter:label1\" content=\"Dur\u00e9e de lecture estim\u00e9e\" \/>\n\t<meta name=\"twitter:data1\" content=\"1 minute\" \/>\n<script type=\"application\/ld+json\" class=\"yoast-schema-graph\">{\"@context\":\"https:\\\/\\\/schema.org\",\"@graph\":[{\"@type\":\"WebPage\",\"@id\":\"https:\\\/\\\/massageblind.ch\\\/fr\\\/imprimer\\\/\",\"url\":\"https:\\\/\\\/massageblind.ch\\\/fr\\\/imprimer\\\/\",\"name\":\"Imprimer - MassageBlind\",\"isPartOf\":{\"@id\":\"https:\\\/\\\/massageblind.ch\\\/#website\"},\"datePublished\":\"2020-02-07T08:24:24+00:00\",\"dateModified\":\"2026-04-30T09:28:49+00:00\",\"description\":\"Dans les mentions l\u00e9gales MassageBlind, vous trouverez toutes les informations pertinentes sur l\u2019exploitant de ce site Internet massageblind.ch.\",\"breadcrumb\":{\"@id\":\"https:\\\/\\\/massageblind.ch\\\/fr\\\/imprimer\\\/#breadcrumb\"},\"inLanguage\":\"fr-FR\",\"potentialAction\":[{\"@type\":\"ReadAction\",\"target\":[\"https:\\\/\\\/massageblind.ch\\\/fr\\\/imprimer\\\/\"]}]},{\"@type\":\"BreadcrumbList\",\"@id\":\"https:\\\/\\\/massageblind.ch\\\/fr\\\/imprimer\\\/#breadcrumb\",\"itemListElement\":[{\"@type\":\"ListItem\",\"position\":1,\"name\":\"Startseite\",\"item\":\"https:\\\/\\\/massageblind.ch\\\/fr\\\/\"},{\"@type\":\"ListItem\",\"position\":2,\"name\":\"Imprimer\"}]},{\"@type\":\"WebSite\",\"@id\":\"https:\\\/\\\/massageblind.ch\\\/#website\",\"url\":\"https:\\\/\\\/massageblind.ch\\\/\",\"name\":\"MassageBlind\",\"description\":\"Schweizerischer Verband der sehbehinderten und blinden Med. Masseure\",\"publisher\":{\"@id\":\"https:\\\/\\\/massageblind.ch\\\/#organization\"},\"potentialAction\":[{\"@type\":\"SearchAction\",\"target\":{\"@type\":\"EntryPoint\",\"urlTemplate\":\"https:\\\/\\\/massageblind.ch\\\/?s={search_term_string}\"},\"query-input\":{\"@type\":\"PropertyValueSpecification\",\"valueRequired\":true,\"valueName\":\"search_term_string\"}}],\"inLanguage\":\"fr-FR\"},{\"@type\":\"Organization\",\"@id\":\"https:\\\/\\\/massageblind.ch\\\/#organization\",\"name\":\"MassageBlind\",\"url\":\"https:\\\/\\\/massageblind.ch\\\/\",\"logo\":{\"@type\":\"ImageObject\",\"inLanguage\":\"fr-FR\",\"@id\":\"https:\\\/\\\/massageblind.ch\\\/#\\\/schema\\\/logo\\\/image\\\/\",\"url\":\"https:\\\/\\\/massageblind.ch\\\/wp-content\\\/uploads\\\/2019\\\/09\\\/Logo-MassageBlind-Farben.jpg\",\"contentUrl\":\"https:\\\/\\\/massageblind.ch\\\/wp-content\\\/uploads\\\/2019\\\/09\\\/Logo-MassageBlind-Farben.jpg\",\"width\":1000,\"height\":750,\"caption\":\"MassageBlind\"},\"image\":{\"@id\":\"https:\\\/\\\/massageblind.ch\\\/#\\\/schema\\\/logo\\\/image\\\/\"}}]}<\/script>\n<!-- \/ Yoast SEO plugin. -->","yoast_head_json":{"title":"Imprimer - MassageBlind","description":"Dans les mentions l\u00e9gales MassageBlind, vous trouverez toutes les informations pertinentes sur l\u2019exploitant de ce site Internet massageblind.ch.","robots":{"index":"index","follow":"follow","max-snippet":"max-snippet:-1","max-image-preview":"max-image-preview:large","max-video-preview":"max-video-preview:-1"},"canonical":"https:\/\/massageblind.ch\/fr\/imprimer\/","og_locale":"fr_FR","og_type":"article","og_title":"Imprimer - MassageBlind","og_description":"Dans les mentions l\u00e9gales MassageBlind, vous trouverez toutes les informations pertinentes sur l\u2019exploitant de ce site Internet massageblind.ch.","og_url":"https:\/\/massageblind.ch\/fr\/imprimer\/","og_site_name":"MassageBlind","article_modified_time":"2026-04-30T09:28:49+00:00","twitter_card":"summary_large_image","twitter_misc":{"Dur\u00e9e de lecture estim\u00e9e":"1 minute"},"schema":{"@context":"https:\/\/schema.org","@graph":[{"@type":"WebPage","@id":"https:\/\/massageblind.ch\/fr\/imprimer\/","url":"https:\/\/massageblind.ch\/fr\/imprimer\/","name":"Imprimer - MassageBlind","isPartOf":{"@id":"https:\/\/massageblind.ch\/#website"},"datePublished":"2020-02-07T08:24:24+00:00","dateModified":"2026-04-30T09:28:49+00:00","description":"Dans les mentions l\u00e9gales MassageBlind, vous trouverez toutes les informations pertinentes sur l\u2019exploitant de ce site Internet massageblind.ch.","breadcrumb":{"@id":"https:\/\/massageblind.ch\/fr\/imprimer\/#breadcrumb"},"inLanguage":"fr-FR","potentialAction":[{"@type":"ReadAction","target":["https:\/\/massageblind.ch\/fr\/imprimer\/"]}]},{"@type":"BreadcrumbList","@id":"https:\/\/massageblind.ch\/fr\/imprimer\/#breadcrumb","itemListElement":[{"@type":"ListItem","position":1,"name":"Startseite","item":"https:\/\/massageblind.ch\/fr\/"},{"@type":"ListItem","position":2,"name":"Imprimer"}]},{"@type":"WebSite","@id":"https:\/\/massageblind.ch\/#website","url":"https:\/\/massageblind.ch\/","name":"MassageBlind","description":"Schweizerischer Verband der sehbehinderten und blinden Med. Masseure","publisher":{"@id":"https:\/\/massageblind.ch\/#organization"},"potentialAction":[{"@type":"SearchAction","target":{"@type":"EntryPoint","urlTemplate":"https:\/\/massageblind.ch\/?s={search_term_string}"},"query-input":{"@type":"PropertyValueSpecification","valueRequired":true,"valueName":"search_term_string"}}],"inLanguage":"fr-FR"},{"@type":"Organization","@id":"https:\/\/massageblind.ch\/#organization","name":"MassageBlind","url":"https:\/\/massageblind.ch\/","logo":{"@type":"ImageObject","inLanguage":"fr-FR","@id":"https:\/\/massageblind.ch\/#\/schema\/logo\/image\/","url":"https:\/\/massageblind.ch\/wp-content\/uploads\/2019\/09\/Logo-MassageBlind-Farben.jpg","contentUrl":"https:\/\/massageblind.ch\/wp-content\/uploads\/2019\/09\/Logo-MassageBlind-Farben.jpg","width":1000,"height":750,"caption":"MassageBlind"},"image":{"@id":"https:\/\/massageblind.ch\/#\/schema\/logo\/image\/"}}]}},"_links":{"self":[{"href":"https:\/\/massageblind.ch\/fr\/wp-json\/wp\/v2\/pages\/1111","targetHints":{"allow":["GET"]}}],"collection":[{"href":"https:\/\/massageblind.ch\/fr\/wp-json\/wp\/v2\/pages"}],"about":[{"href":"https:\/\/massageblind.ch\/fr\/wp-json\/wp\/v2\/types\/page"}],"author":[{"embeddable":true,"href":"https:\/\/massageblind.ch\/fr\/wp-json\/wp\/v2\/users\/1"}],"replies":[{"embeddable":true,"href":"https:\/\/massageblind.ch\/fr\/wp-json\/wp\/v2\/comments?post=1111"}],"version-history":[{"count":3,"href":"https:\/\/massageblind.ch\/fr\/wp-json\/wp\/v2\/pages\/1111\/revisions"}],"predecessor-version":[{"id":1708,"href":"https:\/\/massageblind.ch\/fr\/wp-json\/wp\/v2\/pages\/1111\/revisions\/1708"}],"wp:attachment":[{"href":"https:\/\/massageblind.ch\/fr\/wp-json\/wp\/v2\/media?parent=1111"}],"curies":[{"name":"wp","href":"https:\/\/api.w.org\/{rel}","templated":true}]}}